{"id":12,"date":"2024-08-12T22:35:22","date_gmt":"2024-08-12T22:35:22","guid":{"rendered":"https:\/\/bydr.cl\/ingenieria-construccion\/index.php\/services\/"},"modified":"2024-10-31T20:15:18","modified_gmt":"2024-10-31T20:15:18","slug":"servicios","status":"publish","type":"page","link":"https:\/\/bydr.cl\/ingenieria-construccion\/servicios\/","title":{"rendered":"Servicios"},"content":{"rendered":"\n<div class=\"wp-block-uagb-container uagb-block-ddbe5c65 alignfull uagb-is-root-container\"><div class=\"uagb-container-inner-blocks-wrap\">\n<div class=\"wp-block-uagb-advanced-heading uagb-block-fa4e7c56\"><h1 class=\"uagb-heading-text\">Servicios de ingenier\u00eda y construcci\u00f3n<\/h1><p class=\"uagb-desc-text\">Sabemos lo crucial que es <strong>respetar los plazos establecidos<\/strong> en cada uno de nuestros <strong>proyectos de construcci\u00f3n y remodelaci\u00f3n.<\/strong> Nuestro equipo se compromete a <strong>trabajar con m\u00e1xima eficiencia y dedicaci\u00f3n,<\/strong> <strong>garantizando <\/strong>que cada obra, ya sea una construcci\u00f3n nueva o una <strong>Renovaci\u00f3n<\/strong>, se finalice dentro del tiempo acordado, manteniendo siempre los m\u00e1s <strong>altos est\u00e1ndares de calidad.<\/strong><\/p><\/div>\n<\/div><\/div>\n\n\n\n<div class=\"wp-block-uagb-container uagb-block-769b6847 alignfull uagb-is-root-container\"><div class=\"uagb-container-inner-blocks-wrap\">\n<div class=\"wp-block-uagb-advanced-heading uagb-block-49143d4d\"><h2 class=\"uagb-heading-text\">\u00bfC\u00f3mo podemos ayudarte?<\/h2><\/div>\n\n\n\n<div class=\"wp-block-uagb-container uagb-layout-grid uagb-block-132ede22\">\n<div class=\"wp-block-uagb-info-box uagb-block-0669c3ff uagb-infobox__content-wrap  uagb-infobox-icon-above-title uagb-infobox-image-valign-top\"><div class=\"uagb-ifb-content\"><div class=\"uagb-ifb-image-content\"><img decoding=\"async\" src=\"https:\/\/bydr.cl\/ingenieria-construccion\/wp-content\/uploads\/2024\/08\/Construccion-casa-burboa-del-rio-1.jpg\" alt=\"\" width=\"714\" height=\"510\" loading=\"lazy\"\/><\/div><div class=\"uagb-ifb-title-wrap\"><h4 class=\"uagb-ifb-title\">Construcci\u00f3n de Viviendas\u200b<\/h4><\/div><p class=\"uagb-ifb-desc\">Uno de los pilares de nuestra empresa es la <strong>construcci\u00f3n de viviendas unifamiliares nuevas<\/strong>. Este servicio est\u00e1 dise\u00f1ado para aquellos que desean construir su hogar desde cero, con un enfoque en la <strong>personalizaci\u00f3n y la durabilidad<\/strong>.<\/p><\/div><\/div>\n\n\n\n<div class=\"wp-block-uagb-info-box uagb-block-15659dce uagb-infobox__content-wrap  uagb-infobox-icon-above-title uagb-infobox-image-valign-top\"><div class=\"uagb-ifb-content\"><div class=\"uagb-ifb-image-content\"><img decoding=\"async\" src=\"https:\/\/bydr.cl\/ingenieria-construccion\/wp-content\/uploads\/2024\/08\/remodelacion-4-construccion-oficina-burboa-del-rio.jpg\" alt=\"\" width=\"700\" height=\"500\" loading=\"lazy\"\/><\/div><div class=\"uagb-ifb-title-wrap\"><h4 class=\"uagb-ifb-title\">Remodelaci\u00f3n de Oficinas<\/h4><\/div><p class=\"uagb-ifb-desc\">En el mundo empresarial, la imagen lo es todo. Sabemos que una oficina bien dise\u00f1ada no solo mejora la productividad, sino que tambi\u00e9n refleja la identidad de tu empresa. Por eso, ofrecemos un <strong>servicio de remodelaci\u00f3n de oficinas<\/strong> que se adapta a tus necesidades espec\u00edficas.<\/p><\/div><\/div>\n\n\n\n<div class=\"wp-block-uagb-info-box uagb-block-64a68358 uagb-infobox__content-wrap  uagb-infobox-icon-above-title uagb-infobox-image-valign-top\"><div class=\"uagb-ifb-content\"><div class=\"uagb-ifb-image-content\"><img decoding=\"async\" src=\"https:\/\/bydr.cl\/ingenieria-construccion\/wp-content\/uploads\/2024\/10\/diseno-instalaciones-viviendas-bydr.jpg\" alt=\"\" width=\"664\" height=\"475\" loading=\"lazy\"\/><\/div><div class=\"uagb-ifb-title-wrap\"><h4 class=\"uagb-ifb-title\">Dise\u00f1o Dise\u00f1o de Instalaciones para viviendas.<\/h4><\/div><p class=\"uagb-ifb-desc\"><strong>Entendemos que cada hogar es \u00fanico<\/strong>, al igual que sus necesidades. Nuestro servicio de dise\u00f1o de instalaciones va m\u00e1s all\u00e1 de lo convencional, <strong>utilizando materiales de alta calidad<\/strong> que aseguran un funcionamiento impecable durante a\u00f1os, adaptando cada proyecto de acuerdo a su estilo de vida.<\/p><\/div><\/div>\n\n\n\n<div class=\"wp-block-uagb-info-box uagb-block-2707255c uagb-infobox__content-wrap  uagb-infobox-icon-above-title uagb-infobox-image-valign-top\"><div class=\"uagb-ifb-content\"><div class=\"uagb-ifb-image-content\"><img decoding=\"async\" src=\"https:\/\/bydr.cl\/ingenieria-construccion\/wp-content\/uploads\/2024\/08\/remodelacion-1-construccion-oficina-burboa-del-rio.jpg\" alt=\"\" width=\"700\" height=\"500\" loading=\"lazy\"\/><\/div><div class=\"uagb-ifb-title-wrap\"><h4 class=\"uagb-ifb-title\">Remodelaci\u00f3n de Locales Comerciales<\/h4><\/div><p class=\"uagb-ifb-desc\">En el competitivo mundo del comercio, la primera impresi\u00f3n cuenta. <strong>Un local comercial<\/strong> <strong>atractivo y funcional<\/strong> puede marcar la diferencia entre el \u00e9xito y el fracaso de tu negocio. En Burboa y Del R\u00edo, nos especializamos en la <strong>remodelaci\u00f3n de locales comerciales,<\/strong> ayud\u00e1ndote a atraer m\u00e1s clientes y mejorar tu rentabilidad.<\/p><\/div><\/div>\n\n\n\n<div class=\"wp-block-uagb-info-box uagb-block-9f7240ab uagb-infobox__content-wrap  uagb-infobox-icon-above-title uagb-infobox-image-valign-top\"><div class=\"uagb-ifb-content\"><div class=\"uagb-ifb-image-content\"><img decoding=\"async\" src=\"https:\/\/bydr.cl\/ingenieria-construccion\/wp-content\/uploads\/2024\/10\/regularizaciones-bydr.jpg\" alt=\"\" width=\"700\" height=\"501\" loading=\"lazy\"\/><\/div><div class=\"uagb-ifb-title-wrap\"><h4 class=\"uagb-ifb-title\">Regularizaciones<\/h4><\/div><p class=\"uagb-ifb-desc\"><strong>\u00bfTu vivienda necesita ser regularizada?,<\/strong> te ayudamos a poner en orden toda la documentaci\u00f3n<br>necesaria para que tu hogar cumpla con la normativa vigente. <strong>Revisamos completamente la Vivienda,<\/strong> Actualizamos los planos y documentos t\u00e9cnicos, gestionando los permisos y certificados<br>correspondientes. Te Asesoramos en cada paso del proceso, <strong>asegur\u00e1ndonos de que todo se realice conforme a la Ley<\/strong>, para que puedas estar tranquilo.<\/p><\/div><\/div>\n\n\n\n<div class=\"wp-block-uagb-info-box uagb-block-0b35ea17 uagb-infobox__content-wrap  uagb-infobox-icon-above-title uagb-infobox-image-valign-top\"><div class=\"uagb-ifb-content\"><div class=\"uagb-ifb-image-content\"><img decoding=\"async\" src=\"https:\/\/bydr.cl\/ingenieria-construccion\/wp-content\/uploads\/2024\/10\/servicio-recepcion-viviendas-bydr.jpg\" alt=\"\" width=\"700\" height=\"501\" loading=\"lazy\"\/><\/div><div class=\"uagb-ifb-title-wrap\"><h4 class=\"uagb-ifb-title\">Servicio de Recepci\u00f3n de viviendas<\/h4><\/div><p class=\"uagb-ifb-desc\">\u00bfAcabas de adquirir una vivienda nueva? <strong>En Burboa y Del R\u00edo Ingenier\u00eda y Construcci\u00f3n SpA <\/strong>sabemos lo importante que es asegurarse de que todo est\u00e9 en perfecto estado. Te acompa\u00f1amos el d\u00eda que debas hacer la recepci\u00f3n de tu hogar, realizando una i<strong>nspecci\u00f3n exhaustiva de cada rincon de tu Vivienda,<\/strong> revisando la estructura, instalaciones y terminaciones, para asegurarte de que todo cumpla con los est\u00e1ndares de calidad correspondientes.<strong> Te entregamos un informe detallado con todas nuestras observaciones<\/strong>, incluyendo recomendaciones y acciones necesarias para corregir los defectos.<\/p><\/div><\/div>\n\n\n\n<div class=\"wp-block-uagb-info-box uagb-block-c45944d3 uagb-infobox__content-wrap  uagb-infobox-icon-above-title uagb-infobox-image-valign-top\"><div class=\"uagb-ifb-content\"><div class=\"uagb-ifb-image-content\"><img decoding=\"async\" src=\"https:\/\/bydr.cl\/ingenieria-construccion\/wp-content\/uploads\/2024\/08\/Covarrubias-1-remodelacion-casas-burboa-del-rio-1.jpeg\" alt=\"\" width=\"700\" height=\"500\" loading=\"lazy\"\/><\/div><div class=\"uagb-ifb-title-wrap\"><h4 class=\"uagb-ifb-title\"><strong>Especialistas comprometidos en ofrecer un servicio completo y confiable para tu hogar y oficina.<\/strong><\/h4><\/div><p class=\"uagb-ifb-desc\">A lo largo de los a\u00f1os, hemos adquirido una vasta experiencia en el sector de la construcci\u00f3n y remodelaci\u00f3n en Chile.<br><br><strong>\u00a1Listos para ofrecerte la ayuda que necesitas!<\/strong><br><br><a href=\"https:\/\/bydr.cl\/ingenieria-construccion\/contacto\/\">CONTACTANOS<strong> AQU\u00cd<\/strong><\/a><\/p><\/div><\/div>\n\n\n\n<div class=\"wp-block-uagb-info-box uagb-block-9a931b37 uagb-infobox__content-wrap  uagb-infobox-icon-above-title uagb-infobox-image-valign-top\"><div class=\"uagb-ifb-content\"><div class=\"uagb-ifb-image-content\"><img decoding=\"async\" src=\"https:\/\/bydr.cl\/ingenieria-construccion\/wp-content\/uploads\/2024\/08\/Covarrubias-5-remodelacion-casas-burboa-del-rio-1.jpeg\" alt=\"\" width=\"700\" height=\"500\" loading=\"lazy\"\/><\/div><div class=\"uagb-ifb-title-wrap\"><h4 class=\"uagb-ifb-title\">Remodelaci\u00f3n de Viviendas<\/h4><\/div><p class=\"uagb-ifb-desc\">En Burboa y Del R\u00edo Ingenier\u00eda y Construcci\u00f3n, <strong>entendemos que tu hogar es m\u00e1s que solo un lugar donde vivir;<\/strong> es un espacio donde se crean recuerdos y se desarrolla tu vida diaria. Con el tiempo, es natural que las necesidades y gustos evolucionen, y es ah\u00ed donde nuestro servicio de remodelaci\u00f3n de casas entra en juego. <strong>Nos especializamos en transformar casas<\/strong> existentes en hogares modernos, funcionales y acogedores, que reflejan tu estilo de vida y preferencias personales.<\/p><\/div><\/div>\n<\/div>\n<\/div><\/div>\n\n\n\n<div class=\"wp-block-uagb-container uagb-block-3c795e40 alignfull uagb-is-root-container\"><div class=\"uagb-container-inner-blocks-wrap\">\n<div class=\"wp-block-uagb-image uagb-block-90ee0f2e wp-block-uagb-image--layout-default wp-block-uagb-image--effect-static wp-block-uagb-image--align-none\"><figure class=\"wp-block-uagb-image__figure\"><img decoding=\"async\" srcset=\"https:\/\/bydr.cl\/ingenieria-construccion\/wp-content\/uploads\/2024\/08\/remodelaciones-construcciones-oficinas-burboa-del-rio.jpg ,https:\/\/bydr.cl\/ingenieria-construccion\/wp-content\/uploads\/2024\/08\/remodelaciones-construcciones-oficinas-burboa-del-rio.jpg 780w, https:\/\/bydr.cl\/ingenieria-construccion\/wp-content\/uploads\/2024\/08\/remodelaciones-construcciones-oficinas-burboa-del-rio.jpg 360w\" sizes=\"auto, (max-width: 480px) 150px\" src=\"https:\/\/bydr.cl\/ingenieria-construccion\/wp-content\/uploads\/2024\/08\/remodelaciones-construcciones-oficinas-burboa-del-rio.jpg\" alt=\"\" class=\"uag-image-591\" width=\"700\" height=\"500\" title=\"remodelaciones-construcciones-oficinas-burboa-del-rio\" loading=\"lazy\" role=\"img\"\/><\/figure><\/div>\n\n\n\n<div class=\"wp-block-uagb-info-box uagb-block-bd72b2fb uagb-infobox__content-wrap  uagb-infobox-icon-above-title uagb-infobox-image-valign-top\"><div class=\"uagb-ifb-content\"><div class=\"uagb-ifb-title-wrap\"><h2 class=\"uagb-ifb-title\">\u00bfQuieres renovar o construir tu hogar u oficina o darle un nuevo aire?<\/h2><\/div><div class=\"uagb-ifb-button-wrapper wp-block-button\"><a href=\"https:\/\/bydr.cl\/ingenieria-construccion\/contacto\/\" class=\"uagb-infobox-cta-link wp-block-button__link\" target=\"_self\" rel=\"noopener noreferrer\" onclick=\"return true;\"><span class=\"uagb-inline-editing\">Cont\u00e1ctanos<\/span><svg xmlns=\"https:\/\/www.w3.org\/2000\/svg\" viewBox=\"0 0 448 512\"><path d=\"M438.6 278.6l-160 160C272.4 444.9 264.2 448 256 448s-16.38-3.125-22.62-9.375c-12.5-12.5-12.5-32.75 0-45.25L338.8 288H32C14.33 288 .0016 273.7 .0016 256S14.33 224 32 224h306.8l-105.4-105.4c-12.5-12.5-12.5-32.75 0-45.25s32.75-12.5 45.25 0l160 160C451.1 245.9 451.1 266.1 438.6 278.6z\"><\/path><\/svg><\/a><\/div><\/div><\/div>\n<\/div><\/div>\n","protected":false},"excerpt":{"rendered":"<p>Servicios de ingenier\u00eda y construcci\u00f3n Sabemos lo crucial que es respetar los plazos establecidos en cada uno de nuestros proyectos de construcci\u00f3n y remodelaci\u00f3n. Nuestro equipo se compromete a trabajar con m\u00e1xima eficiencia y dedicaci\u00f3n, garantizando que cada obra, ya sea una construcci\u00f3n nueva o una Renovaci\u00f3n, se finalice dentro del tiempo acordado, manteniendo siempre [&hellip;]<\/p>\n","protected":false},"author":1,"featured_media":0,"parent":0,"menu_order":0,"comment_status":"closed","ping_status":"closed","template":"","meta":{"_uag_custom_page_level_css":"","site-sidebar-layout":"no-sidebar","site-content-layout":"plain-container","ast-site-content-layout":"normal-width-container","site-content-style":"unboxed","site-sidebar-style":"unboxed","ast-global-header-display":"","ast-banner-title-visibility":"","ast-main-header-display":"","ast-hfb-above-header-display":"","ast-hfb-below-header-display":"","ast-hfb-mobile-header-display":"","site-post-title":"disabled","ast-breadcrumbs-content":"","ast-featured-img":"","footer-sml-layout":"","theme-transparent-header-meta":"enabled","adv-header-id-meta":"","stick-header-meta":"","header-above-stick-meta":"","header-main-stick-meta":"","header-below-stick-meta":"","astra-migrate-meta-layouts":"set","ast-page-background-enabled":"default","ast-page-background-meta":{"desktop":{"background-color":"var(--ast-global-color-4)","background-image":"","background-repeat":"repeat","background-position":"center center","background-size":"auto","background-attachment":"scroll","background-type":"","background-media":"","overlay-type":"","overlay-color":"","overlay-opacity":"","overlay-gradient":""},"tablet":{"background-color":"","background-image":"","background-repeat":"repeat","background-position":"center center","background-size":"auto","background-attachment":"scroll","background-type":"","background-media":"","overlay-type":"","overlay-color":"","overlay-opacity":"","overlay-gradient":""},"mobile":{"background-color":"","background-image":"","background-repeat":"repeat","background-position":"center center","background-size":"auto","background-attachment":"scroll","background-type":"","background-media":"","overlay-type":"","overlay-color":"","overlay-opacity":"","overlay-gradient":""}},"ast-content-background-meta":{"desktop":{"background-color":"var(--ast-global-color-5)","background-image":"","background-repeat":"repeat","background-position":"center center","background-size":"auto","background-attachment":"scroll","background-type":"","background-media":"","overlay-type":"","overlay-color":"","overlay-opacity":"","overlay-gradient":""},"tablet":{"background-color":"var(--ast-global-color-5)","background-image":"","background-repeat":"repeat","background-position":"center center","background-size":"auto","background-attachment":"scroll","background-type":"","background-media":"","overlay-type":"","overlay-color":"","overlay-opacity":"","overlay-gradient":""},"mobile":{"background-color":"var(--ast-global-color-5)","background-image":"","background-repeat":"repeat","background-position":"center center","background-size":"auto","background-attachment":"scroll","background-type":"","background-media":"","overlay-type":"","overlay-color":"","overlay-opacity":"","overlay-gradient":""}},"footnotes":""},"class_list":["post-12","page","type-page","status-publish","hentry"],"yoast_head":"<!-- This site is optimized with the Yoast SEO plugin v27.3 - https:\/\/yoast.com\/product\/yoast-seo-wordpress\/ -->\n<title>Servicios - Burboa &amp; Del R\u00edo Ingenier\u00eda y Construcci\u00f3n SpA<\/title>\n<meta name=\"description\" content=\"Servicio de construcci\u00f3n y remodelaci\u00f3n para viviendas, oficinas y locales comerciales. Dise\u00f1o de instalaciones y regularizaciones. Cont\u00e1ctanos hoy.\" \/>\n<meta name=\"robots\" content=\"index, follow, max-snippet:-1, max-image-preview:large, max-video-preview:-1\" \/>\n<link rel=\"canonical\" href=\"https:\/\/bydr.cl\/ingenieria-construccion\/servicios\/\" \/>\n<meta property=\"og:locale\" content=\"es_ES\" \/>\n<meta property=\"og:type\" content=\"article\" \/>\n<meta property=\"og:title\" content=\"Servicios - Burboa &amp; Del R\u00edo Ingenier\u00eda y Construcci\u00f3n SpA\" \/>\n<meta property=\"og:description\" content=\"Servicio de construcci\u00f3n y remodelaci\u00f3n para viviendas, oficinas y locales comerciales. Dise\u00f1o de instalaciones y regularizaciones. Cont\u00e1ctanos hoy.\" \/>\n<meta property=\"og:url\" content=\"https:\/\/bydr.cl\/ingenieria-construccion\/servicios\/\" \/>\n<meta property=\"og:site_name\" content=\"Burboa &amp; Del R\u00edo Ingenier\u00eda y Construcci\u00f3n SpA\" \/>\n<meta property=\"article:modified_time\" content=\"2024-10-31T20:15:18+00:00\" \/>\n<meta property=\"og:image\" content=\"https:\/\/bydr.cl\/ingenieria-construccion\/wp-content\/uploads\/2024\/08\/Construccion-casa-burboa-del-rio-1.jpg\" \/>\n<meta name=\"twitter:card\" content=\"summary_large_image\" \/>\n<meta name=\"twitter:label1\" content=\"Tiempo de lectura\" \/>\n\t<meta name=\"twitter:data1\" content=\"5 minutos\" \/>\n<script type=\"application\/ld+json\" class=\"yoast-schema-graph\">{\"@context\":\"https:\\\/\\\/schema.org\",\"@graph\":[{\"@type\":[\"WebPage\",\"SearchResultsPage\"],\"@id\":\"https:\\\/\\\/bydr.cl\\\/ingenieria-construccion\\\/servicios\\\/\",\"url\":\"https:\\\/\\\/bydr.cl\\\/ingenieria-construccion\\\/servicios\\\/\",\"name\":\"Servicios - Burboa &amp; Del R\u00edo Ingenier\u00eda y Construcci\u00f3n SpA\",\"isPartOf\":{\"@id\":\"https:\\\/\\\/bydr.cl\\\/ingenieria-construccion\\\/#website\"},\"primaryImageOfPage\":{\"@id\":\"https:\\\/\\\/bydr.cl\\\/ingenieria-construccion\\\/servicios\\\/#primaryimage\"},\"image\":{\"@id\":\"https:\\\/\\\/bydr.cl\\\/ingenieria-construccion\\\/servicios\\\/#primaryimage\"},\"thumbnailUrl\":\"https:\\\/\\\/bydr.cl\\\/ingenieria-construccion\\\/wp-content\\\/uploads\\\/2024\\\/08\\\/Construccion-casa-burboa-del-rio-1.jpg\",\"datePublished\":\"2024-08-12T22:35:22+00:00\",\"dateModified\":\"2024-10-31T20:15:18+00:00\",\"description\":\"Servicio de construcci\u00f3n y remodelaci\u00f3n para viviendas, oficinas y locales comerciales. Dise\u00f1o de instalaciones y regularizaciones. Cont\u00e1ctanos hoy.\",\"breadcrumb\":{\"@id\":\"https:\\\/\\\/bydr.cl\\\/ingenieria-construccion\\\/servicios\\\/#breadcrumb\"},\"inLanguage\":\"es\",\"potentialAction\":[{\"@type\":\"ReadAction\",\"target\":[\"https:\\\/\\\/bydr.cl\\\/ingenieria-construccion\\\/servicios\\\/\"]}]},{\"@type\":\"ImageObject\",\"inLanguage\":\"es\",\"@id\":\"https:\\\/\\\/bydr.cl\\\/ingenieria-construccion\\\/servicios\\\/#primaryimage\",\"url\":\"https:\\\/\\\/bydr.cl\\\/ingenieria-construccion\\\/wp-content\\\/uploads\\\/2024\\\/08\\\/Construccion-casa-burboa-del-rio-1.jpg\",\"contentUrl\":\"https:\\\/\\\/bydr.cl\\\/ingenieria-construccion\\\/wp-content\\\/uploads\\\/2024\\\/08\\\/Construccion-casa-burboa-del-rio-1.jpg\",\"width\":714,\"height\":510},{\"@type\":\"BreadcrumbList\",\"@id\":\"https:\\\/\\\/bydr.cl\\\/ingenieria-construccion\\\/servicios\\\/#breadcrumb\",\"itemListElement\":[{\"@type\":\"ListItem\",\"position\":1,\"name\":\"Portada\",\"item\":\"https:\\\/\\\/bydr.cl\\\/ingenieria-construccion\\\/\"},{\"@type\":\"ListItem\",\"position\":2,\"name\":\"Servicios\"}]},{\"@type\":\"WebSite\",\"@id\":\"https:\\\/\\\/bydr.cl\\\/ingenieria-construccion\\\/#website\",\"url\":\"https:\\\/\\\/bydr.cl\\\/ingenieria-construccion\\\/\",\"name\":\"Burboa & Del R\u00edo Ingenier\u00eda y Construcci\u00f3n SpA\",\"description\":\"\",\"publisher\":{\"@id\":\"https:\\\/\\\/bydr.cl\\\/ingenieria-construccion\\\/#organization\"},\"potentialAction\":[{\"@type\":\"SearchAction\",\"target\":{\"@type\":\"EntryPoint\",\"urlTemplate\":\"https:\\\/\\\/bydr.cl\\\/ingenieria-construccion\\\/?s={search_term_string}\"},\"query-input\":{\"@type\":\"PropertyValueSpecification\",\"valueRequired\":true,\"valueName\":\"search_term_string\"}}],\"inLanguage\":\"es\"},{\"@type\":\"Organization\",\"@id\":\"https:\\\/\\\/bydr.cl\\\/ingenieria-construccion\\\/#organization\",\"name\":\"Burboa & Del R\u00edo Ingenier\u00eda y Construcci\u00f3n SpA\",\"url\":\"https:\\\/\\\/bydr.cl\\\/ingenieria-construccion\\\/\",\"logo\":{\"@type\":\"ImageObject\",\"inLanguage\":\"es\",\"@id\":\"https:\\\/\\\/bydr.cl\\\/ingenieria-construccion\\\/#\\\/schema\\\/logo\\\/image\\\/\",\"url\":\"https:\\\/\\\/bydr.cl\\\/ingenieria-construccion\\\/wp-content\\\/uploads\\\/2024\\\/08\\\/burboaydelrio-logotipo.png\",\"contentUrl\":\"https:\\\/\\\/bydr.cl\\\/ingenieria-construccion\\\/wp-content\\\/uploads\\\/2024\\\/08\\\/burboaydelrio-logotipo.png\",\"width\":700,\"height\":271,\"caption\":\"Burboa & Del R\u00edo Ingenier\u00eda y Construcci\u00f3n SpA\"},\"image\":{\"@id\":\"https:\\\/\\\/bydr.cl\\\/ingenieria-construccion\\\/#\\\/schema\\\/logo\\\/image\\\/\"}}]}<\/script>\n<!-- \/ Yoast SEO plugin. -->","yoast_head_json":{"title":"Servicios - Burboa &amp; Del R\u00edo Ingenier\u00eda y Construcci\u00f3n SpA","description":"Servicio de construcci\u00f3n y remodelaci\u00f3n para viviendas, oficinas y locales comerciales. Dise\u00f1o de instalaciones y regularizaciones. Cont\u00e1ctanos hoy.","robots":{"index":"index","follow":"follow","max-snippet":"max-snippet:-1","max-image-preview":"max-image-preview:large","max-video-preview":"max-video-preview:-1"},"canonical":"https:\/\/bydr.cl\/ingenieria-construccion\/servicios\/","og_locale":"es_ES","og_type":"article","og_title":"Servicios - Burboa &amp; Del R\u00edo Ingenier\u00eda y Construcci\u00f3n SpA","og_description":"Servicio de construcci\u00f3n y remodelaci\u00f3n para viviendas, oficinas y locales comerciales. Dise\u00f1o de instalaciones y regularizaciones. Cont\u00e1ctanos hoy.","og_url":"https:\/\/bydr.cl\/ingenieria-construccion\/servicios\/","og_site_name":"Burboa &amp; Del R\u00edo Ingenier\u00eda y Construcci\u00f3n SpA","article_modified_time":"2024-10-31T20:15:18+00:00","og_image":[{"url":"https:\/\/bydr.cl\/ingenieria-construccion\/wp-content\/uploads\/2024\/08\/Construccion-casa-burboa-del-rio-1.jpg","type":"","width":"","height":""}],"twitter_card":"summary_large_image","twitter_misc":{"Tiempo de lectura":"5 minutos"},"schema":{"@context":"https:\/\/schema.org","@graph":[{"@type":["WebPage","SearchResultsPage"],"@id":"https:\/\/bydr.cl\/ingenieria-construccion\/servicios\/","url":"https:\/\/bydr.cl\/ingenieria-construccion\/servicios\/","name":"Servicios - Burboa &amp; Del R\u00edo Ingenier\u00eda y Construcci\u00f3n SpA","isPartOf":{"@id":"https:\/\/bydr.cl\/ingenieria-construccion\/#website"},"primaryImageOfPage":{"@id":"https:\/\/bydr.cl\/ingenieria-construccion\/servicios\/#primaryimage"},"image":{"@id":"https:\/\/bydr.cl\/ingenieria-construccion\/servicios\/#primaryimage"},"thumbnailUrl":"https:\/\/bydr.cl\/ingenieria-construccion\/wp-content\/uploads\/2024\/08\/Construccion-casa-burboa-del-rio-1.jpg","datePublished":"2024-08-12T22:35:22+00:00","dateModified":"2024-10-31T20:15:18+00:00","description":"Servicio de construcci\u00f3n y remodelaci\u00f3n para viviendas, oficinas y locales comerciales. Dise\u00f1o de instalaciones y regularizaciones. Cont\u00e1ctanos hoy.","breadcrumb":{"@id":"https:\/\/bydr.cl\/ingenieria-construccion\/servicios\/#breadcrumb"},"inLanguage":"es","potentialAction":[{"@type":"ReadAction","target":["https:\/\/bydr.cl\/ingenieria-construccion\/servicios\/"]}]},{"@type":"ImageObject","inLanguage":"es","@id":"https:\/\/bydr.cl\/ingenieria-construccion\/servicios\/#primaryimage","url":"https:\/\/bydr.cl\/ingenieria-construccion\/wp-content\/uploads\/2024\/08\/Construccion-casa-burboa-del-rio-1.jpg","contentUrl":"https:\/\/bydr.cl\/ingenieria-construccion\/wp-content\/uploads\/2024\/08\/Construccion-casa-burboa-del-rio-1.jpg","width":714,"height":510},{"@type":"BreadcrumbList","@id":"https:\/\/bydr.cl\/ingenieria-construccion\/servicios\/#breadcrumb","itemListElement":[{"@type":"ListItem","position":1,"name":"Portada","item":"https:\/\/bydr.cl\/ingenieria-construccion\/"},{"@type":"ListItem","position":2,"name":"Servicios"}]},{"@type":"WebSite","@id":"https:\/\/bydr.cl\/ingenieria-construccion\/#website","url":"https:\/\/bydr.cl\/ingenieria-construccion\/","name":"Burboa & Del R\u00edo Ingenier\u00eda y Construcci\u00f3n SpA","description":"","publisher":{"@id":"https:\/\/bydr.cl\/ingenieria-construccion\/#organization"},"potentialAction":[{"@type":"SearchAction","target":{"@type":"EntryPoint","urlTemplate":"https:\/\/bydr.cl\/ingenieria-construccion\/?s={search_term_string}"},"query-input":{"@type":"PropertyValueSpecification","valueRequired":true,"valueName":"search_term_string"}}],"inLanguage":"es"},{"@type":"Organization","@id":"https:\/\/bydr.cl\/ingenieria-construccion\/#organization","name":"Burboa & Del R\u00edo Ingenier\u00eda y Construcci\u00f3n SpA","url":"https:\/\/bydr.cl\/ingenieria-construccion\/","logo":{"@type":"ImageObject","inLanguage":"es","@id":"https:\/\/bydr.cl\/ingenieria-construccion\/#\/schema\/logo\/image\/","url":"https:\/\/bydr.cl\/ingenieria-construccion\/wp-content\/uploads\/2024\/08\/burboaydelrio-logotipo.png","contentUrl":"https:\/\/bydr.cl\/ingenieria-construccion\/wp-content\/uploads\/2024\/08\/burboaydelrio-logotipo.png","width":700,"height":271,"caption":"Burboa & Del R\u00edo Ingenier\u00eda y Construcci\u00f3n SpA"},"image":{"@id":"https:\/\/bydr.cl\/ingenieria-construccion\/#\/schema\/logo\/image\/"}}]}},"uagb_featured_image_src":{"full":false,"thumbnail":false,"medium":false,"medium_large":false,"large":false,"1536x1536":false,"2048x2048":false},"uagb_author_info":{"display_name":"admin","author_link":"https:\/\/bydr.cl\/ingenieria-construccion\/author\/burboadelrioseo\/"},"uagb_comment_info":0,"uagb_excerpt":"Servicios de ingenier\u00eda y construcci\u00f3n Sabemos lo crucial que es respetar los plazos establecidos en cada uno de nuestros proyectos de construcci\u00f3n y remodelaci\u00f3n. Nuestro equipo se compromete a trabajar con m\u00e1xima eficiencia y dedicaci\u00f3n, garantizando que cada obra, ya sea una construcci\u00f3n nueva o una Renovaci\u00f3n, se finalice dentro del tiempo acordado, manteniendo siempre&hellip;","_links":{"self":[{"href":"https:\/\/bydr.cl\/ingenieria-construccion\/wp-json\/wp\/v2\/pages\/12","targetHints":{"allow":["GET"]}}],"collection":[{"href":"https:\/\/bydr.cl\/ingenieria-construccion\/wp-json\/wp\/v2\/pages"}],"about":[{"href":"https:\/\/bydr.cl\/ingenieria-construccion\/wp-json\/wp\/v2\/types\/page"}],"author":[{"embeddable":true,"href":"https:\/\/bydr.cl\/ingenieria-construccion\/wp-json\/wp\/v2\/users\/1"}],"replies":[{"embeddable":true,"href":"https:\/\/bydr.cl\/ingenieria-construccion\/wp-json\/wp\/v2\/comments?post=12"}],"version-history":[{"count":25,"href":"https:\/\/bydr.cl\/ingenieria-construccion\/wp-json\/wp\/v2\/pages\/12\/revisions"}],"predecessor-version":[{"id":806,"href":"https:\/\/bydr.cl\/ingenieria-construccion\/wp-json\/wp\/v2\/pages\/12\/revisions\/806"}],"wp:attachment":[{"href":"https:\/\/bydr.cl\/ingenieria-construccion\/wp-json\/wp\/v2\/media?parent=12"}],"curies":[{"name":"wp","href":"https:\/\/api.w.org\/{rel}","templated":true}]}}